{"id":104,"date":"2020-10-07T07:59:03","date_gmt":"2020-10-07T07:59:03","guid":{"rendered":"https:\/\/bogazi.ci\/index.php\/about\/"},"modified":"2022-09-27T00:17:20","modified_gmt":"2022-09-26T21:17:20","slug":"yazar","status":"publish","type":"page","link":"https:\/\/bogazi.ci\/index.php\/yazar\/","title":{"rendered":"Yazar"},"content":{"rendered":"\t\t<div data-elementor-type=\"wp-page\" data-elementor-id=\"104\" class=\"elementor elementor-104\">\n\t\t\t\t\t\t<section class=\"elementor-section elementor-top-section elementor-element elementor-element-fbc1a74 elementor-section-boxed elementor-section-height-default elementor-section-height-default\" data-id=\"fbc1a74\" data-element_type=\"section\">\n\t\t\t\t\t\t<div class=\"elementor-container elementor-column-gap-no\">\n\t\t\t\t\t<div class=\"elementor-column elementor-col-100 elementor-top-column elementor-element elementor-element-7ca68b6\" data-id=\"7ca68b6\" data-element_type=\"column\">\n\t\t\t<div class=\"elementor-widget-wrap elementor-element-populated\">\n\t\t\t\t\t\t<div class=\"elementor-element elementor-element-f5479ae elementor-widget__width-auto elementor-widget elementor-widget-heading\" data-id=\"f5479ae\" data-element_type=\"widget\" data-widget_type=\"heading.default\">\n\t\t\t\t<div class=\"elementor-widget-container\">\n\t\t\t<h1 class=\"elementor-heading-title elementor-size-xl\">Dr. Sedat Bornoval\u0131 Hakk\u0131nda<\/h1>\t\t<\/div>\n\t\t\t\t<\/div>\n\t\t\t\t<div class=\"elementor-element elementor-element-6991c9e elementor-widget elementor-widget-text-editor\" data-id=\"6991c9e\" data-element_type=\"widget\" data-widget_type=\"text-editor.default\">\n\t\t\t\t<div class=\"elementor-widget-container\">\n\t\t\t\t\t\t\t<p>Bornoval\u0131, Bo\u011fazi\u00e7i\u2019nin mimarisine, tarihine ve semtlerine odaklan\u0131rken, g\u00f6r\u00fcp de fark etmediklerimizi daha da iyi ifade etmekte uzmand\u0131r.<\/p>\t\t\t\t\t\t<\/div>\n\t\t\t\t<\/div>\n\t\t\t\t\t<\/div>\n\t\t<\/div>\n\t\t\t\t\t<\/div>\n\t\t<\/section>\n\t\t\t\t<section class=\"elementor-section elementor-top-section elementor-element elementor-element-8832256 elementor-section-boxed elementor-section-height-default elementor-section-height-default\" data-id=\"8832256\" data-element_type=\"section\">\n\t\t\t\t\t\t<div class=\"elementor-container elementor-column-gap-no\">\n\t\t\t\t\t<div class=\"elementor-column elementor-col-100 elementor-top-column elementor-element elementor-element-9d01362\" data-id=\"9d01362\" data-element_type=\"column\">\n\t\t\t<div class=\"elementor-widget-wrap elementor-element-populated\">\n\t\t\t\t\t\t<div class=\"elementor-element elementor-element-30bfbc4 elementor-widget elementor-widget-heading\" data-id=\"30bfbc4\" data-element_type=\"widget\" data-widget_type=\"heading.default\">\n\t\t\t\t<div class=\"elementor-widget-container\">\n\t\t\t<div class=\"elementor-heading-title elementor-size-default\">SEDAT BORNOVALI<\/div>\t\t<\/div>\n\t\t\t\t<\/div>\n\t\t\t\t<div class=\"elementor-element elementor-element-48480bc elementor-widget elementor-widget-heading\" data-id=\"48480bc\" data-element_type=\"widget\" data-widget_type=\"heading.default\">\n\t\t\t\t<div class=\"elementor-widget-container\">\n\t\t\t<h2 class=\"elementor-heading-title elementor-size-xl\">Bio<\/h2>\t\t<\/div>\n\t\t\t\t<\/div>\n\t\t\t\t<div class=\"elementor-element elementor-element-736bc21 elementor-widget elementor-widget-text-editor\" data-id=\"736bc21\" data-element_type=\"widget\" data-widget_type=\"text-editor.default\">\n\t\t\t\t<div class=\"elementor-widget-container\">\n\t\t\t\t\t\t\t<h5>\u0130stanbul\u00a0<a title=\"\u00d6zel \u0130talyan Lisesi\" href=\"https:\/\/tr.wikipedia.org\/wiki\/%C3%96zel_%C4%B0talyan_Lisesi\">\u00d6zel \u0130talyan Lisesi<\/a>\u2019nin ard\u0131ndan,\u00a0<a title=\"Bo\u011fazi\u00e7i \u00dcniversitesi\" href=\"https:\/\/tr.wikipedia.org\/wiki\/Bo%C4%9Fazi%C3%A7i_%C3%9Cniversitesi\">Bo\u011fazi\u00e7i \u00dcniversitesi<\/a>&#8216;nde turizm ve otel i\u015fletmecili\u011fi ile\u00a0<a title=\"\u0130stanbul \u00dcniversitesi Edebiyat Fak\u00fcltesi\" href=\"https:\/\/tr.wikipedia.org\/wiki\/%C4%B0stanbul_%C3%9Cniversitesi_Edebiyat_Fak%C3%BCltesi\">\u0130stanbul \u00dcniversitesi<\/a>&#8216;nde\u00a0<a title=\"Sanat Tarihi\" href=\"https:\/\/tr.wikipedia.org\/wiki\/Sanat_Tarihi\">sanat tarihi<\/a>, co\u011frafya ve orman m\u00fchendisli\u011fi e\u011fitimi ald\u0131.<br \/><a title=\"\u0130stanbul Teknik \u00dcniversitesi\" href=\"https:\/\/tr.wikipedia.org\/wiki\/%C4%B0stanbul_Teknik_%C3%9Cniversitesi\">\u0130stanbul Teknik \u00dcniversitesi<\/a>&#8216;nde mimarl\u0131k tarihi dal\u0131nda y\u00fcksek lisans ve doktora programlar\u0131n\u0131 tamamlad\u0131.<br \/><a style=\"font-style: inherit; font-weight: inherit;\" title=\"T\u00fcrkiye Cumhuriyeti K\u00fclt\u00fcr ve Turizm Bakanl\u0131\u011f\u0131\" href=\"https:\/\/tr.wikipedia.org\/wiki\/T%C3%BCrkiye_Cumhuriyeti_K%C3%BClt%C3%BCr_ve_Turizm_Bakanl%C4%B1%C4%9F%C4%B1\">K\u00fclt\u00fcr ve Turizm Bakanl\u0131\u011f\u0131<\/a>\u00a020. d\u00f6nem kursunu bitirerek 1990 y\u0131l\u0131ndan itibaren \u0130talyanca ve \u0130ngilizce olarak icra etmeye ba\u015flad\u0131\u011f\u0131 profesyonel turist rehberli\u011fi mesle\u011fini aral\u0131klarla da olsa hala icra ediyor.<\/h5>\t\t\t\t\t\t<\/div>\n\t\t\t\t<\/div>\n\t\t\t\t<div class=\"elementor-element elementor-element-ad0b29e elementor-widget elementor-widget-heading\" data-id=\"ad0b29e\" data-element_type=\"widget\" data-widget_type=\"heading.default\">\n\t\t\t\t<div class=\"elementor-widget-container\">\n\t\t\t<h2 class=\"elementor-heading-title elementor-size-default\">Ge\u00e7mi\u015findeki Kilometre Ta\u015flar\u0131<\/h2>\t\t<\/div>\n\t\t\t\t<\/div>\n\t\t\t\t<div class=\"elementor-element elementor-element-f93e9a1 elementor-widget elementor-widget-accordion\" data-id=\"f93e9a1\" data-element_type=\"widget\" data-widget_type=\"accordion.default\">\n\t\t\t\t<div class=\"elementor-widget-container\">\n\t\t\t\t\t<div class=\"elementor-accordion\">\n\t\t\t\t\t\t\t<div class=\"elementor-accordion-item\">\n\t\t\t\t\t<div id=\"elementor-tab-title-2611\" class=\"elementor-tab-title\" data-tab=\"1\" role=\"button\" aria-controls=\"elementor-tab-content-2611\" aria-expanded=\"false\">\n\t\t\t\t\t\t\t\t\t\t\t\t\t<span class=\"elementor-accordion-icon elementor-accordion-icon-left\" aria-hidden=\"true\">\n\t\t\t\t\t\t\t\t\t\t\t\t\t\t\t<span class=\"elementor-accordion-icon-closed\"><i class=\"fas fa-plus\"><\/i><\/span>\n\t\t\t\t\t\t\t\t<span class=\"elementor-accordion-icon-opened\"><i class=\"fas fa-minus\"><\/i><\/span>\n\t\t\t\t\t\t\t\t\t\t\t\t\t\t<\/span>\n\t\t\t\t\t\t\t\t\t\t\t\t<a class=\"elementor-accordion-title\" tabindex=\"0\">\u0130talya Cumhuriyeti \u015e\u00f6valye ve Liyakat Ni\u015fan\u0131<\/a>\n\t\t\t\t\t<\/div>\n\t\t\t\t\t<div id=\"elementor-tab-content-2611\" class=\"elementor-tab-content elementor-clearfix\" data-tab=\"1\" role=\"region\" aria-labelledby=\"elementor-tab-title-2611\"><p><a title=\"\u0130talya\" href=\"https:\/\/tr.wikipedia.org\/wiki\/%C4%B0talya\">\u0130talya<\/a> taraf\u0131ndan verilen \u015f\u00f6valyelik derecesindeki en y\u00fcksek devlet ni\u015fan\u0131d\u0131r. Edebiyat, sanat, ekonomi, kamu hizmeti, hay\u0131rseverlik, sosyal veya insani yard\u0131m alanlar\u0131nda dikkat \u00e7ekici ve uzun s\u00fcre faaliyetlerde bulunan sivil veya askeri kariyere sahip ki\u015filere \u0130talya taraf\u0131ndan verilen \u00f6d\u00fcllerin en \u00fcst\u00fcd\u00fcr.\u00a0<\/p><\/div>\n\t\t\t\t<\/div>\n\t\t\t\t\t\t\t<div class=\"elementor-accordion-item\">\n\t\t\t\t\t<div id=\"elementor-tab-title-2612\" class=\"elementor-tab-title\" data-tab=\"2\" role=\"button\" aria-controls=\"elementor-tab-content-2612\" aria-expanded=\"false\">\n\t\t\t\t\t\t\t\t\t\t\t\t\t<span class=\"elementor-accordion-icon elementor-accordion-icon-left\" aria-hidden=\"true\">\n\t\t\t\t\t\t\t\t\t\t\t\t\t\t\t<span class=\"elementor-accordion-icon-closed\"><i class=\"fas fa-plus\"><\/i><\/span>\n\t\t\t\t\t\t\t\t<span class=\"elementor-accordion-icon-opened\"><i class=\"fas fa-minus\"><\/i><\/span>\n\t\t\t\t\t\t\t\t\t\t\t\t\t\t<\/span>\n\t\t\t\t\t\t\t\t\t\t\t\t<a class=\"elementor-accordion-title\" tabindex=\"0\">\u0130stanbul Turizm \u00d6zel \u00d6d\u00fcl\u00fc<\/a>\n\t\t\t\t\t<\/div>\n\t\t\t\t\t<div id=\"elementor-tab-content-2612\" class=\"elementor-tab-content elementor-clearfix\" data-tab=\"2\" role=\"region\" aria-labelledby=\"elementor-tab-title-2612\"><b>\u0130stanbul Turizm \u00d6d\u00fclleri<\/b>\u00a0\u0130stanbul Valili\u011fi K\u00fclt\u00fcr ve Turizm \u0130l M\u00fcd\u00fcrl\u00fc\u011f\u00fc&#8217;nce 2008 y\u0131l\u0131ndan beri \u0130stanbul&#8217;a turizm\u00a0alan\u0131nda de\u011fer yarat\u0131c\u0131, nitelikli \u00e7al\u0131\u015fmalar yaparak turizmin geli\u015fmesine ciddi katk\u0131lar sa\u011flayan ki\u015filerin \u00f6d\u00fcllendirilmesi amac\u0131yla verilir.<\/div>\n\t\t\t\t<\/div>\n\t\t\t\t\t\t\t<div class=\"elementor-accordion-item\">\n\t\t\t\t\t<div id=\"elementor-tab-title-2613\" class=\"elementor-tab-title\" data-tab=\"3\" role=\"button\" aria-controls=\"elementor-tab-content-2613\" aria-expanded=\"false\">\n\t\t\t\t\t\t\t\t\t\t\t\t\t<span class=\"elementor-accordion-icon elementor-accordion-icon-left\" aria-hidden=\"true\">\n\t\t\t\t\t\t\t\t\t\t\t\t\t\t\t<span class=\"elementor-accordion-icon-closed\"><i class=\"fas fa-plus\"><\/i><\/span>\n\t\t\t\t\t\t\t\t<span class=\"elementor-accordion-icon-opened\"><i class=\"fas fa-minus\"><\/i><\/span>\n\t\t\t\t\t\t\t\t\t\t\t\t\t\t<\/span>\n\t\t\t\t\t\t\t\t\t\t\t\t<a class=\"elementor-accordion-title\" tabindex=\"0\">Skal International - Turizmde Kalite \u00d6d\u00fcl\u00fc<\/a>\n\t\t\t\t\t<\/div>\n\t\t\t\t\t<div id=\"elementor-tab-content-2613\" class=\"elementor-tab-content elementor-clearfix\" data-tab=\"3\" role=\"region\" aria-labelledby=\"elementor-tab-title-2613\"><p>Turizm, k\u00fclt\u00fcr de\u011ferlerinin korunmas\u0131, dostluk ve tan\u0131t\u0131m gibi konularda kalite \u00e7izgisinden \u00f6d\u00fcn vermeksizin \u00e7al\u0131\u015fmalar\u0131n\u0131 s\u00fcrd\u00fcren ki\u015fi ve kurulu\u015flara verilen bu \u00f6d\u00fcl k\u00fclt\u00fcr el\u00e7isi itham\u0131 verilerek atfedilmi\u015ftir.<\/p><\/div>\n\t\t\t\t<\/div>\n\t\t\t\t\t\t\t<div class=\"elementor-accordion-item\">\n\t\t\t\t\t<div id=\"elementor-tab-title-2614\" class=\"elementor-tab-title\" data-tab=\"4\" role=\"button\" aria-controls=\"elementor-tab-content-2614\" aria-expanded=\"false\">\n\t\t\t\t\t\t\t\t\t\t\t\t\t<span class=\"elementor-accordion-icon elementor-accordion-icon-left\" aria-hidden=\"true\">\n\t\t\t\t\t\t\t\t\t\t\t\t\t\t\t<span class=\"elementor-accordion-icon-closed\"><i class=\"fas fa-plus\"><\/i><\/span>\n\t\t\t\t\t\t\t\t<span class=\"elementor-accordion-icon-opened\"><i class=\"fas fa-minus\"><\/i><\/span>\n\t\t\t\t\t\t\t\t\t\t\t\t\t\t<\/span>\n\t\t\t\t\t\t\t\t\t\t\t\t<a class=\"elementor-accordion-title\" tabindex=\"0\">2015 \u00c7ukurova Turizm \u00d6d\u00fclleri - Turizm K\u00fclt\u00fcrler Aras\u0131 Diyalog \u00d6d\u00fcl\u00fc<\/a>\n\t\t\t\t\t<\/div>\n\t\t\t\t\t<div id=\"elementor-tab-content-2614\" class=\"elementor-tab-content elementor-clearfix\" data-tab=\"4\" role=\"region\" aria-labelledby=\"elementor-tab-title-2614\"><p>21 \u015eubat D\u00fcnya Rehber G\u00fcn\u00fc dolay\u0131s\u0131yla turizm&#8217;in geli\u015fmesi i\u00e7in \u00e7al\u0131\u015fan ki\u015fi ve kurumlara y\u00f6nelik yap\u0131lan bu etkinlikte yazar &#8220;Turizm K\u00fclt\u00fcrler Aras\u0131 Diyalog \u00d6d\u00fcl\u00fc&#8221; kazanm\u0131\u015ft\u0131r.<\/p><\/div>\n\t\t\t\t<\/div>\n\t\t\t\t\t\t\t\t<\/div>\n\t\t\t\t<\/div>\n\t\t\t\t<\/div>\n\t\t\t\t<div class=\"elementor-element elementor-element-6016f71 elementor-widget elementor-widget-heading\" data-id=\"6016f71\" data-element_type=\"widget\" data-widget_type=\"heading.default\">\n\t\t\t\t<div class=\"elementor-widget-container\">\n\t\t\t<h2 class=\"elementor-heading-title elementor-size-default\">Eserleri<\/h2>\t\t<\/div>\n\t\t\t\t<\/div>\n\t\t\t\t<div class=\"elementor-element elementor-element-9228328 elementor-widget elementor-widget-accordion\" data-id=\"9228328\" data-element_type=\"widget\" data-widget_type=\"accordion.default\">\n\t\t\t\t<div class=\"elementor-widget-container\">\n\t\t\t\t\t<div class=\"elementor-accordion\">\n\t\t\t\t\t\t\t<div class=\"elementor-accordion-item\">\n\t\t\t\t\t<div id=\"elementor-tab-title-1531\" class=\"elementor-tab-title\" data-tab=\"1\" role=\"button\" aria-controls=\"elementor-tab-content-1531\" aria-expanded=\"false\">\n\t\t\t\t\t\t\t\t\t\t\t\t\t<span class=\"elementor-accordion-icon elementor-accordion-icon-left\" aria-hidden=\"true\">\n\t\t\t\t\t\t\t\t\t\t\t\t\t\t\t<span class=\"elementor-accordion-icon-closed\"><i class=\"fas fa-plus\"><\/i><\/span>\n\t\t\t\t\t\t\t\t<span class=\"elementor-accordion-icon-opened\"><i class=\"fas fa-minus\"><\/i><\/span>\n\t\t\t\t\t\t\t\t\t\t\t\t\t\t<\/span>\n\t\t\t\t\t\t\t\t\t\t\t\t<a class=\"elementor-accordion-title\" tabindex=\"0\">Bo\u011fazi\u00e7i'nin Tarih Atlas\u0131, K\u00fclt\u00fcr Tarihi, \u0130stanbul, Tima\u015f Yay\u0131nlar\u0131, 2018<\/a>\n\t\t\t\t\t<\/div>\n\t\t\t\t\t<div id=\"elementor-tab-content-1531\" class=\"elementor-tab-content elementor-clearfix\" data-tab=\"1\" role=\"region\" aria-labelledby=\"elementor-tab-title-1531\"><p>Kendisi de bir Bo\u011faz \u00e7ocu\u011fu olan sanat tarih\u00e7i Dr. Sedat Bornoval\u0131, bu eserinde d\u00fcnyada bir \u00f6rne\u011fi daha olmayan Bo\u011fazi\u00e7i\u2019nin her iki yakas\u0131na s\u0131ralanm\u0131\u015f tarih\u00ee ve k\u00fclt\u00fcrel miras\u0131 tad\u0131na doyulmaz bir incelikle ve zengin g\u00f6rseller e\u015fli\u011finde anlat\u0131yor.<\/p><\/div>\n\t\t\t\t<\/div>\n\t\t\t\t\t\t\t<div class=\"elementor-accordion-item\">\n\t\t\t\t\t<div id=\"elementor-tab-title-1532\" class=\"elementor-tab-title\" data-tab=\"2\" role=\"button\" aria-controls=\"elementor-tab-content-1532\" aria-expanded=\"false\">\n\t\t\t\t\t\t\t\t\t\t\t\t\t<span class=\"elementor-accordion-icon elementor-accordion-icon-left\" aria-hidden=\"true\">\n\t\t\t\t\t\t\t\t\t\t\t\t\t\t\t<span class=\"elementor-accordion-icon-closed\"><i class=\"fas fa-plus\"><\/i><\/span>\n\t\t\t\t\t\t\t\t<span class=\"elementor-accordion-icon-opened\"><i class=\"fas fa-minus\"><\/i><\/span>\n\t\t\t\t\t\t\t\t\t\t\t\t\t\t<\/span>\n\t\t\t\t\t\t\t\t\t\t\t\t<a class=\"elementor-accordion-title\" tabindex=\"0\">The Bosphorus: An Illustrated Story, From Prehistory to The Eurasia Tunnel, \u0130stanbul, Tima\u015f Yay\u0131nlar\u0131, 2019<\/a>\n\t\t\t\t\t<\/div>\n\t\t\t\t\t<div id=\"elementor-tab-content-1532\" class=\"elementor-tab-content elementor-clearfix\" data-tab=\"2\" role=\"region\" aria-labelledby=\"elementor-tab-title-1532\"><p>T\u00fcrk\u00e7e bask\u0131lar\u0131yla b\u00fcy\u00fck ilgi g\u00f6ren Bo\u011fazi\u00e7i\u2019nin Tarih Atlas\u0131, yabanc\u0131 pazarlardan gelen yo\u011fun talep \u00fczerine \u00f6nce h\u0131zla \u0130ngilizceye \u00e7evrildi. Ard\u0131ndan da yabanc\u0131 okura uyarlanarak The Bosphorus: An Illustrated Story From Prehistory to The Eurasia Tunnel kitab\u0131 ortaya \u00e7\u0131kt\u0131.<\/p><\/div>\n\t\t\t\t<\/div>\n\t\t\t\t\t\t\t<div class=\"elementor-accordion-item\">\n\t\t\t\t\t<div id=\"elementor-tab-title-1533\" class=\"elementor-tab-title\" data-tab=\"3\" role=\"button\" aria-controls=\"elementor-tab-content-1533\" aria-expanded=\"false\">\n\t\t\t\t\t\t\t\t\t\t\t\t\t<span class=\"elementor-accordion-icon elementor-accordion-icon-left\" aria-hidden=\"true\">\n\t\t\t\t\t\t\t\t\t\t\t\t\t\t\t<span class=\"elementor-accordion-icon-closed\"><i class=\"fas fa-plus\"><\/i><\/span>\n\t\t\t\t\t\t\t\t<span class=\"elementor-accordion-icon-opened\"><i class=\"fas fa-minus\"><\/i><\/span>\n\t\t\t\t\t\t\t\t\t\t\t\t\t\t<\/span>\n\t\t\t\t\t\t\t\t\t\t\t\t<a class=\"elementor-accordion-title\" tabindex=\"0\">Tarihin En Uzun \u015eiiri: Ayasofya, K\u00fclt\u00fcr Tarihi, \u0130stanbul, Tima\u015f Yay\u0131nlar\u0131, 2020<\/a>\n\t\t\t\t\t<\/div>\n\t\t\t\t\t<div id=\"elementor-tab-content-1533\" class=\"elementor-tab-content elementor-clearfix\" data-tab=\"3\" role=\"region\" aria-labelledby=\"elementor-tab-title-1533\"><p>Ayasofya\u2026 Hem herkese ait hem hi\u00e7 kimsenin\u2026 Bin 500 y\u0131ll\u0131k mabedin korosu ilk g\u00fcnk\u00fc gibi renkli ve \u0130stanbullu. Bu d\u00fcnya miras\u0131n\u0131 ayakta tutan sadece teknik \u00f6\u011feleri de\u011fil Bizans\u2019\u0131n ve Osmanl\u0131\u2019n\u0131n menk\u0131beleri asl\u0131nda. Halk\u0131n haf\u0131zas\u0131nda ya\u015fayan Ayasofya renkleri, mozaiklerden mihraba, Ioustinianos\u2019tan Fatih Sultan Mehmed\u2019e bir\u00e7ok ismin, hayat\u0131n h\u00e2l\u00e2 de\u011fi\u015fmeyen dekoru asl\u0131nda.<\/p><\/div>\n\t\t\t\t<\/div>\n\t\t\t\t\t\t\t<div class=\"elementor-accordion-item\">\n\t\t\t\t\t<div id=\"elementor-tab-title-1534\" class=\"elementor-tab-title\" data-tab=\"4\" role=\"button\" aria-controls=\"elementor-tab-content-1534\" aria-expanded=\"false\">\n\t\t\t\t\t\t\t\t\t\t\t\t\t<span class=\"elementor-accordion-icon elementor-accordion-icon-left\" aria-hidden=\"true\">\n\t\t\t\t\t\t\t\t\t\t\t\t\t\t\t<span class=\"elementor-accordion-icon-closed\"><i class=\"fas fa-plus\"><\/i><\/span>\n\t\t\t\t\t\t\t\t<span class=\"elementor-accordion-icon-opened\"><i class=\"fas fa-minus\"><\/i><\/span>\n\t\t\t\t\t\t\t\t\t\t\t\t\t\t<\/span>\n\t\t\t\t\t\t\t\t\t\t\t\t<a class=\"elementor-accordion-title\" tabindex=\"0\">M\u00fczelik M\u00fczeler, \u00c7ocuk Kitab\u0131, \u0130stanbul, Tima\u015f Yay\u0131nlar\u0131, 2021<\/a>\n\t\t\t\t\t<\/div>\n\t\t\t\t\t<div id=\"elementor-tab-content-1534\" class=\"elementor-tab-content elementor-clearfix\" data-tab=\"4\" role=\"region\" aria-labelledby=\"elementor-tab-title-1534\"><div>Verimli bir m\u00fcze gezisinin nas\u0131l yap\u0131laca\u011f\u0131, m\u00fcze gezerken nelere dikkat edilmesi gerekti\u011fi, hangi m\u00fczelerle nelerle kar\u015f\u0131la\u015f\u0131laca\u011f\u0131 gibi sorular\u0131n cevaplar\u0131 bu kitapla verilecek. Kitaba de\u011fer katan bir ba\u015fka unsur, yazar Sedat Bornoval\u0131\u2019n\u0131n konuya olan h\u00e2kimiyeti ve bizzat rehberlik konusunda sahada tecr\u00fcbeli bir isim olmas\u0131. Anlat\u0131mdaki ak\u0131c\u0131l\u0131k, \u00fcsluptaki sakinlik ve sadelik okuma s\u00fcrecine \u00f6nemli bir konfor alan\u0131 sa\u011fl\u0131yor.<\/div><\/div>\n\t\t\t\t<\/div>\n\t\t\t\t\t\t\t\t<\/div>\n\t\t\t\t<\/div>\n\t\t\t\t<\/div>\n\t\t\t\t\t<\/div>\n\t\t<\/div>\n\t\t\t\t\t<\/div>\n\t\t<\/section>\n\t\t\t\t<section class=\"elementor-section elementor-top-section elementor-element elementor-element-eb47150 elementor-section-boxed elementor-section-height-default elementor-section-height-default\" data-id=\"eb47150\" data-element_type=\"section\" data-settings=\"{&quot;background_background&quot;:&quot;classic&quot;}\">\n\t\t\t\t\t\t\t<div class=\"elementor-background-overlay\"><\/div>\n\t\t\t\t\t\t\t<div class=\"elementor-container elementor-column-gap-no\">\n\t\t\t\t\t<div class=\"elementor-column elementor-col-50 elementor-top-column elementor-element elementor-element-ef3d779\" data-id=\"ef3d779\" data-element_type=\"column\" data-settings=\"{&quot;background_background&quot;:&quot;classic&quot;}\">\n\t\t\t<div class=\"elementor-widget-wrap elementor-element-populated\">\n\t\t\t\t\t\t<div class=\"elementor-element elementor-element-dab001f elementor-widget elementor-widget-text-editor\" data-id=\"dab001f\" data-element_type=\"widget\" data-widget_type=\"text-editor.default\">\n\t\t\t\t<div class=\"elementor-widget-container\">\n\t\t\t\t\t\t\t<p><b><i style=\"\">Sedat Bornoval\u0131<\/i><\/b><\/p>\t\t\t\t\t\t<\/div>\n\t\t\t\t<\/div>\n\t\t\t\t<div class=\"elementor-element elementor-element-0bef0a8 elementor-widget elementor-widget-heading\" data-id=\"0bef0a8\" data-element_type=\"widget\" data-widget_type=\"heading.default\">\n\t\t\t\t<div class=\"elementor-widget-container\">\n\t\t\t<h2 class=\"elementor-heading-title elementor-size-default\">Sanat Tarih\u00e7i ve Profesyonel Turist Rehberi<\/h2>\t\t<\/div>\n\t\t\t\t<\/div>\n\t\t\t\t<div class=\"elementor-element elementor-element-2ca1594 elementor-widget elementor-widget-text-editor\" data-id=\"2ca1594\" data-element_type=\"widget\" data-widget_type=\"text-editor.default\">\n\t\t\t\t<div class=\"elementor-widget-container\">\n\t\t\t\t\t\t\t<p>Bornoval\u0131, kitab\u0131nda merakl\u0131s\u0131n\u0131 Bo\u011fazi\u00e7i&#8217;nde bir tekne gezintisine \u00e7\u0131kar\u0131p Bo\u011faz k\u0131y\u0131lar\u0131ndaki t\u00fcm tarihi ve g\u00fcn\u00fcm\u00fcz\u00fcn \u00f6ne \u00e7\u0131kan yap\u0131lar\u0131n\u0131 anlat\u0131yor. Temel u\u011fra\u015f\u0131 ise okuyucuda merak uyand\u0131rmak, ara\u015ft\u0131rmaya sevk etmek ve yeni bir d\u00fc\u015f\u00fcnsel bak\u0131\u015f a\u00e7\u0131s\u0131 kazand\u0131rmakt\u0131r.<\/p>\t\t\t\t\t\t<\/div>\n\t\t\t\t<\/div>\n\t\t\t\t\t<\/div>\n\t\t<\/div>\n\t\t\t\t<div class=\"elementor-column elementor-col-50 elementor-top-column elementor-element elementor-element-2b4e1d0\" data-id=\"2b4e1d0\" data-element_type=\"column\">\n\t\t\t<div class=\"elementor-widget-wrap elementor-element-populated\">\n\t\t\t\t\t\t<div class=\"elementor-element elementor-element-073d2ee elementor-widget__width-auto elementor-absolute elementor-widget elementor-widget-image\" data-id=\"073d2ee\" data-element_type=\"widget\" data-settings=\"{&quot;_position&quot;:&quot;absolute&quot;}\" data-widget_type=\"image.default\">\n\t\t\t\t<div class=\"elementor-widget-container\">\n\t\t\t\t\t\t\t\t\t\t\t\t\t<img decoding=\"async\" src=\"https:\/\/websitedemos.net\/online-health-coach-02\/wp-content\/uploads\/sites\/712\/2020\/10\/pattern-v-1.png\" title=\"\" alt=\"\" loading=\"lazy\" \/>\t\t\t\t\t\t\t\t\t\t\t\t\t<\/div>\n\t\t\t\t<\/div>\n\t\t\t\t\t<\/div>\n\t\t<\/div>\n\t\t\t\t\t<\/div>\n\t\t<\/section>\n\t\t\t\t<\/div>\n\t\t","protected":false},"excerpt":{"rendered":"<p>Dr. Sedat Bornoval\u0131 Hakk\u0131nda Bornoval\u0131, Bo\u011fazi\u00e7i\u2019nin mimarisine, tarihine ve semtlerine odaklan\u0131rken, g\u00f6r\u00fcp de fark etmediklerimizi daha da iyi ifade etmekte uzmand\u0131r. SEDAT BORNOVALI Bio \u0130stanbul\u00a0\u00d6zel \u0130talyan Lisesi\u2019nin ard\u0131ndan,\u00a0Bo\u011fazi\u00e7i \u00dcniversitesi&#8216;nde turizm ve otel i\u015fletmecili\u011fi ile\u00a0\u0130stanbul \u00dcniversitesi&#8216;nde\u00a0sanat tarihi, co\u011frafya ve orman m\u00fchendisli\u011fi e\u011fitimi ald\u0131.\u0130stanbul Teknik \u00dcniversitesi&#8216;nde mimarl\u0131k tarihi dal\u0131nda y\u00fcksek lisans ve doktora programlar\u0131n\u0131 tamamlad\u0131.K\u00fclt\u00fcr ve Turizm [&hellip;]<\/p>\n","protected":false},"author":1,"featured_media":0,"parent":0,"menu_order":0,"comment_status":"closed","ping_status":"closed","template":"","meta":{"_themeisle_gutenberg_block_has_review":false,"footnotes":""},"class_list":["post-104","page","type-page","status-publish","hentry"],"jetpack_sharing_enabled":true,"_links":{"self":[{"href":"https:\/\/bogazi.ci\/index.php\/wp-json\/wp\/v2\/pages\/104","targetHints":{"allow":["GET"]}}],"collection":[{"href":"https:\/\/bogazi.ci\/index.php\/wp-json\/wp\/v2\/pages"}],"about":[{"href":"https:\/\/bogazi.ci\/index.php\/wp-json\/wp\/v2\/types\/page"}],"author":[{"embeddable":true,"href":"https:\/\/bogazi.ci\/index.php\/wp-json\/wp\/v2\/users\/1"}],"replies":[{"embeddable":true,"href":"https:\/\/bogazi.ci\/index.php\/wp-json\/wp\/v2\/comments?post=104"}],"version-history":[{"count":40,"href":"https:\/\/bogazi.ci\/index.php\/wp-json\/wp\/v2\/pages\/104\/revisions"}],"predecessor-version":[{"id":24950,"href":"https:\/\/bogazi.ci\/index.php\/wp-json\/wp\/v2\/pages\/104\/revisions\/24950"}],"wp:attachment":[{"href":"https:\/\/bogazi.ci\/index.php\/wp-json\/wp\/v2\/media?parent=104"}],"curies":[{"name":"wp","href":"https:\/\/api.w.org\/{rel}","templated":true}]}}