{"id":11,"date":"2018-07-25T10:50:04","date_gmt":"2018-07-25T07:50:04","guid":{"rendered":"http:\/\/bogazi.ci\/?page_id=11"},"modified":"2022-09-27T00:20:39","modified_gmt":"2022-09-26T21:20:39","slug":"english","status":"publish","type":"page","link":"https:\/\/bogazi.ci\/index.php\/english\/","title":{"rendered":"English"},"content":{"rendered":"\r\n<figure class=\"wp-block-image\"><a href=\"https:\/\/www.amazon.com\/Bosphorus-Illustrated-Story-Sedat-Bornovali\/dp\/6050830193\"><img fetchpriority=\"high\" decoding=\"async\" width=\"1395\" height=\"1036\" class=\"wp-image-280\" src=\"http:\/\/bogazi.ci\/wp-content\/uploads\/2019\/07\/thebosphorustheillustratedstory-copy-1.jpg\" alt=\"\" srcset=\"https:\/\/bogazi.ci\/wp-content\/uploads\/2019\/07\/thebosphorustheillustratedstory-copy-1.jpg 1395w, https:\/\/bogazi.ci\/wp-content\/uploads\/2019\/07\/thebosphorustheillustratedstory-copy-1-300x223.jpg 300w, https:\/\/bogazi.ci\/wp-content\/uploads\/2019\/07\/thebosphorustheillustratedstory-copy-1-768x570.jpg 768w, https:\/\/bogazi.ci\/wp-content\/uploads\/2019\/07\/thebosphorustheillustratedstory-copy-1-1024x760.jpg 1024w\" sizes=\"(max-width: 1395px) 100vw, 1395px\" \/><\/a><\/figure>\r\n\r\n\r\n\r\n<p>Click on the image to view<br \/><strong>The Bosphorus: An Illustrated Story<br \/>From Prehistory to The Eurasia Tunnel<\/strong><br \/>on Amazon.com<\/p>\r\n\r\n\r\n\r\n<p><strong>From the Preface:<\/strong><\/p>\r\n\r\n\r\n\r\n<p>The book you have started reading will talk a lot about the Ottoman history, local topography, major monuments, museums, and mosques but also about many other things; the protestant missionary activity, coups d&#8217;\u00e9tat, the Crimean War, Russia, oil trade, Napoleon, Egypt, Shakespeare&#8217;s Globe Theater, Venetians, Persians, local culture, contemporary architecture, even Johann Strauss, movies, a Ford factory far from home, Ancient Greek and Roman authors, just to mention a few.<\/p>\r\n\r\n\r\n\r\n<p>While it does not try to be an all-inclusive text about the Bosphorus, it reaches to give a comprehensive view of the Bosphorus as a whole, and, at the same time, tends to surprise even the most ambitious reader with several unpublished and unexpected archival documents and photos.<\/p>\r\n\r\n\r\n\r\n<p>This book is not a lament; its aim is not to mourn over values \u201cgone forever\u201d. It\u2019s true that many things went wrong, many historic homes were damaged by oil tankers, many monumental buildings were lost, but the Bosphorus is still beautiful without a match and unique.\u00a0<\/p>\r\n\r\n\r\n\r\n<p>This is not one of those books which exposes all the details and monuments of a neighborhood. There are works which do this very well already, and undoubtedly, there will be many detailed publications. It would not be wrong to say, though, that we made mention of some remarkable examples when they sprang to mind.<\/p>\r\n\r\n\r\n\r\n<p>This book could also not be defined as a book which attempts to describe all the details of some major monuments. Outstanding monographs about many monuments have already been written. However, if we identified details which are not mentioned even in these monographs, we have presented them here.\u00a0<\/p>\r\n\r\n\r\n\r\n<p>Is this an academic book? Yes, it is; but it tries to avoid being one of the most boring examples of this genre. It doesn\u2019t consider a saturnine style as a prerequisite for being academic in nature.\u00a0<\/p>\r\n\r\n\r\n\r\n<p>We could perhaps define it as a book which brings to mind a little bit more of what we think about the Bosphorus when we think of it casually. Another possible definition would make it the exposition of a few details about the places we visit along the Bosphorus to go out to eat, have some fresh air, enjoy ourselves, and, sometimes, attend an event.<\/p>\r\n\r\n\r\n\r\n<p>It is most probably not a book which reveals a lot of unknown facts about the Bosphorus, but we can say that these pages repeat and sometimes offer a different perspective on many things which are worth remembering.\u00a0<\/p>\r\n\r\n\r\n\r\n<p>Besides all these, we can also say that many historical documents, some of which have not been published elsewhere and unearthed in archives, both in Turkish State Archives and in private collections, are being published on these pages. We hope that this will be of some additional value for those who like to remember the good old days.\u00a0<\/p>\r\n\r\n\r\n\r\n<p>A preface cannot go without acknowledgments, but the number people to thank is just too many, which would increase the book\u2019s volume significantly. Therefore, I would like to content myself only with thanking all those at Tima\u015f Publishing who have contributed to the making of this book at every stage; if Samet Alt\u0131nta\u015f had not come up with such a suggestion unexpectedly, this book would not have existed in any case. If Neval Akb\u0131y\u0131k and Zeynep Berkta\u015f had not embraced this work, we would not be able to finalize it. If H\u00fcseyin \u00d6zkan had not touched every inch of the book, it would not have been this pleasant to hold it in our hands.<\/p>\r\n\r\n\r\n\r\n<p>Numerous people and institutions have contributed to saving the book from mediocrity a little bit by providing information and materials. Among all those, I gratefully appreciated Mr. Tony Madden&#8217;s indefatigable, friendly and constructive criticism; I am thankful to Saffet Emre Tongu\u00e7, G\u00f6k\u00e7en Ezber, PhD, Erhan Ermi\u015f, PhD, for their friendly support and owe particular gratitude to Mr. Erol Makzume and Architect Mr. Sinan Genim, PhD. for generously sharing their own living spaces, collections and even information, and documents that they could not yet publish themselves.\u00a0<\/p>\r\n\r\n\r\n\r\n<p>I will be more than happy if the end result could loosely resemble what they expected.\u00a0<\/p>\r\n\r\n\r\n\r\n<p>Sedat Bornoval\u0131<\/p>\r\n\r\n\r\n\r\n<p>May 2019, \u0130stanbul<\/p>\r\n","protected":false},"excerpt":{"rendered":"<p>Click on the image to viewThe Bosphorus: An Illustrated StoryFrom Prehistory to The Eurasia Tunnelon Amazon.com From the Preface: The book you have started reading will talk a lot about the Ottoman history, local topography, major monuments, museums, and mosques but also about many other things; the protestant missionary activity, coups d&#8217;\u00e9tat, the Crimean War, [&hellip;]<\/p>\n","protected":false},"author":1,"featured_media":0,"parent":0,"menu_order":0,"comment_status":"closed","ping_status":"closed","template":"templates\/wpmm-page-template.php","meta":{"_themeisle_gutenberg_block_has_review":false,"footnotes":""},"class_list":["post-11","page","type-page","status-publish","hentry"],"jetpack_sharing_enabled":true,"_links":{"self":[{"href":"https:\/\/bogazi.ci\/index.php\/wp-json\/wp\/v2\/pages\/11","targetHints":{"allow":["GET"]}}],"collection":[{"href":"https:\/\/bogazi.ci\/index.php\/wp-json\/wp\/v2\/pages"}],"about":[{"href":"https:\/\/bogazi.ci\/index.php\/wp-json\/wp\/v2\/types\/page"}],"author":[{"embeddable":true,"href":"https:\/\/bogazi.ci\/index.php\/wp-json\/wp\/v2\/users\/1"}],"replies":[{"embeddable":true,"href":"https:\/\/bogazi.ci\/index.php\/wp-json\/wp\/v2\/comments?post=11"}],"version-history":[{"count":12,"href":"https:\/\/bogazi.ci\/index.php\/wp-json\/wp\/v2\/pages\/11\/revisions"}],"predecessor-version":[{"id":24955,"href":"https:\/\/bogazi.ci\/index.php\/wp-json\/wp\/v2\/pages\/11\/revisions\/24955"}],"wp:attachment":[{"href":"https:\/\/bogazi.ci\/index.php\/wp-json\/wp\/v2\/media?parent=11"}],"curies":[{"name":"wp","href":"https:\/\/api.w.org\/{rel}","templated":true}]}}