{"id":145,"date":"2018-08-12T20:15:32","date_gmt":"2018-08-12T17:15:32","guid":{"rendered":"http:\/\/bogazi.ci\/?page_id=145"},"modified":"2019-07-21T21:20:32","modified_gmt":"2019-07-21T18:20:32","slug":"basinda","status":"publish","type":"page","link":"https:\/\/bogazi.ci\/index.php\/basinda\/","title":{"rendered":"Bas\u0131nda"},"content":{"rendered":"\n<p><a href=\"http:\/\/www.hurriyet.com.tr\/kitap-sanat\/bambaska-bir-bogazici-40947835\">07 09 2018 H\u00fcrriyet Ahu \u00d6zyurt<\/a><\/p>\n\n\n\n<figure class=\"wp-block-image\"><img fetchpriority=\"high\" decoding=\"async\" width=\"1552\" height=\"3730\" src=\"http:\/\/bogazi.ci\/wp-content\/uploads\/2018\/09\/Bo\u011fazi\u00e7i-Kitap-Kritik.jpg\" alt=\"\" class=\"wp-image-215\" srcset=\"https:\/\/bogazi.ci\/wp-content\/uploads\/2018\/09\/Bo\u011fazi\u00e7i-Kitap-Kritik.jpg 1552w, https:\/\/bogazi.ci\/wp-content\/uploads\/2018\/09\/Bo\u011fazi\u00e7i-Kitap-Kritik-125x300.jpg 125w, https:\/\/bogazi.ci\/wp-content\/uploads\/2018\/09\/Bo\u011fazi\u00e7i-Kitap-Kritik-768x1846.jpg 768w, https:\/\/bogazi.ci\/wp-content\/uploads\/2018\/09\/Bo\u011fazi\u00e7i-Kitap-Kritik-426x1024.jpg 426w\" sizes=\"(max-width: 1552px) 100vw, 1552px\" \/><\/figure>\n\n\n\n<p><a href=\"http:\/\/www.cumhuriyet.com.tr\/koseyazisi\/1061839\/Bogazici_nin_yok_ettigimiz_gorunumu.html\">22 08 2018 Cumhuriyet Metin Cel\u00e2l<\/a><\/p>\n\n\n\n<figure class=\"wp-block-image\"><img decoding=\"async\" width=\"1200\" height=\"5654\" src=\"http:\/\/bogazi.ci\/wp-content\/uploads\/2018\/08\/i1982-03.jpg\" alt=\"\" class=\"wp-image-192\" srcset=\"https:\/\/bogazi.ci\/wp-content\/uploads\/2018\/08\/i1982-03.jpg 1200w, https:\/\/bogazi.ci\/wp-content\/uploads\/2018\/08\/i1982-03-768x3619.jpg 768w\" sizes=\"(max-width: 1200px) 100vw, 1200px\" \/><\/figure>\n\n\n\n<p>19 08 2018 Para \u00d6zlem Kapar<\/p>\n\n\n\n<figure class=\"wp-block-image\"><img decoding=\"async\" width=\"1200\" height=\"856\" src=\"http:\/\/bogazi.ci\/wp-content\/uploads\/2018\/09\/Para-Kolaj-web-2.jpg\" alt=\"\" class=\"wp-image-220\" srcset=\"https:\/\/bogazi.ci\/wp-content\/uploads\/2018\/09\/Para-Kolaj-web-2.jpg 1200w, https:\/\/bogazi.ci\/wp-content\/uploads\/2018\/09\/Para-Kolaj-web-2-300x214.jpg 300w, https:\/\/bogazi.ci\/wp-content\/uploads\/2018\/09\/Para-Kolaj-web-2-768x548.jpg 768w, https:\/\/bogazi.ci\/wp-content\/uploads\/2018\/09\/Para-Kolaj-web-2-1024x730.jpg 1024w\" sizes=\"(max-width: 1200px) 100vw, 1200px\" \/><\/figure>\n\n\n\n<p><a href=\"http:\/\/www.cumhuriyet.com.tr\/koseyazisi\/1061839\/Bogazici_nin_yok_ettigimiz_gorunumu.html\"><\/a><\/p>\n\n\n\n<p><a href=\"https:\/\/www.sabah.com.tr\/pazar\/2018\/08\/12\/buyukdereden-atinaya-ucmak-ister-miydiniz\">12 08 2018 Sabah &#8211; Nebahat Ko\u00e7<\/a><\/p>\n\n\n\n<p><a href=\"https:\/\/www.sabah.com.tr\/pazar\/2018\/08\/12\/buyukdereden-atinaya-ucmak-ister-miydiniz\"><\/a><\/p>\n\n\n\n<figure class=\"wp-block-image\"><img loading=\"lazy\" decoding=\"async\" width=\"2576\" height=\"5695\" src=\"http:\/\/bogazi.ci\/wp-content\/uploads\/2018\/08\/Bo\u011fazi\u00e7inin-Tarih-Atlas\u0131-Sabah-Gazetesi.jpg\" alt=\"\" class=\"wp-image-153\" srcset=\"https:\/\/bogazi.ci\/wp-content\/uploads\/2018\/08\/Bo\u011fazi\u00e7inin-Tarih-Atlas\u0131-Sabah-Gazetesi.jpg 2576w, https:\/\/bogazi.ci\/wp-content\/uploads\/2018\/08\/Bo\u011fazi\u00e7inin-Tarih-Atlas\u0131-Sabah-Gazetesi-136x300.jpg 136w, https:\/\/bogazi.ci\/wp-content\/uploads\/2018\/08\/Bo\u011fazi\u00e7inin-Tarih-Atlas\u0131-Sabah-Gazetesi-768x1698.jpg 768w, https:\/\/bogazi.ci\/wp-content\/uploads\/2018\/08\/Bo\u011fazi\u00e7inin-Tarih-Atlas\u0131-Sabah-Gazetesi-463x1024.jpg 463w\" sizes=\"(max-width: 2576px) 100vw, 2576px\" \/><\/figure>\n","protected":false},"excerpt":{"rendered":"<p>07 09 2018 H\u00fcrriyet Ahu \u00d6zyurt 22 08 2018 Cumhuriyet Metin Cel\u00e2l 19 08 2018 Para \u00d6zlem Kapar 12 08 2018 Sabah &#8211; Nebahat Ko\u00e7<\/p>\n","protected":false},"author":1,"featured_media":0,"parent":0,"menu_order":0,"comment_status":"closed","ping_status":"closed","template":"","meta":{"site-sidebar-layout":"default","site-content-layout":"","ast-site-content-layout":"default","site-content-style":"default","site-sidebar-style":"default","ast-global-header-display":"","ast-banner-title-visibility":"","ast-main-header-display":"","ast-hfb-above-header-display":"","ast-hfb-below-header-display":"","ast-hfb-mobile-header-display":"","site-post-title":"","ast-breadcrumbs-content":"","ast-featured-img":"","footer-sml-layout":"","ast-disable-related-posts":"","theme-transparent-header-meta":"","adv-header-id-meta":"","stick-header-meta":"","header-above-stick-meta":"","header-main-stick-meta":"","header-below-stick-meta":"","astra-migrate-meta-layouts":"default","ast-page-background-enabled":"default","ast-page-background-meta":{"desktop":{"background-color":"","background-image":"","background-repeat":"repeat","background-position":"center center","background-size":"auto","background-attachment":"scroll","background-type":"","background-media":"","overlay-type":"","overlay-color":"","overlay-opacity":"","overlay-gradient":""},"tablet":{"background-color":"","background-image":"","background-repeat":"repeat","background-position":"center center","background-size":"auto","background-attachment":"scroll","background-type":"","background-media":"","overlay-type":"","overlay-color":"","overlay-opacity":"","overlay-gradient":""},"mobile":{"background-color":"","background-image":"","background-repeat":"repeat","background-position":"center center","background-size":"auto","background-attachment":"scroll","background-type":"","background-media":"","overlay-type":"","overlay-color":"","overlay-opacity":"","overlay-gradient":""}},"ast-content-background-meta":{"desktop":{"background-color":"var(--ast-global-color-5)","background-image":"","background-repeat":"repeat","background-position":"center center","background-size":"auto","background-attachment":"scroll","background-type":"","background-media":"","overlay-type":"","overlay-color":"","overlay-opacity":"","overlay-gradient":""},"tablet":{"background-color":"var(--ast-global-color-5)","background-image":"","background-repeat":"repeat","background-position":"center center","background-size":"auto","background-attachment":"scroll","background-type":"","background-media":"","overlay-type":"","overlay-color":"","overlay-opacity":"","overlay-gradient":""},"mobile":{"background-color":"var(--ast-global-color-5)","background-image":"","background-repeat":"repeat","background-position":"center center","background-size":"auto","background-attachment":"scroll","background-type":"","background-media":"","overlay-type":"","overlay-color":"","overlay-opacity":"","overlay-gradient":""}},"_themeisle_gutenberg_block_has_review":false,"footnotes":""},"class_list":["post-145","page","type-page","status-publish","hentry"],"jetpack_sharing_enabled":true,"_links":{"self":[{"href":"https:\/\/bogazi.ci\/index.php\/wp-json\/wp\/v2\/pages\/145","targetHints":{"allow":["GET"]}}],"collection":[{"href":"https:\/\/bogazi.ci\/index.php\/wp-json\/wp\/v2\/pages"}],"about":[{"href":"https:\/\/bogazi.ci\/index.php\/wp-json\/wp\/v2\/types\/page"}],"author":[{"embeddable":true,"href":"https:\/\/bogazi.ci\/index.php\/wp-json\/wp\/v2\/users\/1"}],"replies":[{"embeddable":true,"href":"https:\/\/bogazi.ci\/index.php\/wp-json\/wp\/v2\/comments?post=145"}],"version-history":[{"count":6,"href":"https:\/\/bogazi.ci\/index.php\/wp-json\/wp\/v2\/pages\/145\/revisions"}],"predecessor-version":[{"id":24670,"href":"https:\/\/bogazi.ci\/index.php\/wp-json\/wp\/v2\/pages\/145\/revisions\/24670"}],"wp:attachment":[{"href":"https:\/\/bogazi.ci\/index.php\/wp-json\/wp\/v2\/media?parent=145"}],"curies":[{"name":"wp","href":"https:\/\/api.w.org\/{rel}","templated":true}]}}