{"id":303,"date":"2018-07-25T08:56:13","date_gmt":"2018-07-25T05:56:13","guid":{"rendered":"http:\/\/bogazi.ci\/?page_id=303"},"modified":"2023-09-14T10:11:55","modified_gmt":"2023-09-14T07:11:55","slug":"tesekkurler","status":"publish","type":"page","link":"https:\/\/bogazi.ci\/index.php\/tesekkurler\/","title":{"rendered":"Te\u015fekk\u00fcrler"},"content":{"rendered":"\r\n<p>Bo\u011fazi\u00e7i hakk\u0131ndaki birka\u00e7 sohbeti\u00a0bir araya getirip ka\u011f\u0131da yazmak niyeti belirdikten sonra o bas\u0131l\u0131 ka\u011f\u0131tlar ortaya \u00e7\u0131kana de\u011fin, \u201cBo\u011fazi\u00e7i\u2019nin Tarih Atlas\u0131\u201dna o kadar \u00e7ok ki\u015finin eli de\u011fmi\u015f ki hepsinin ad\u0131n\u0131 kitab\u0131n i\u00e7inde anmaya kalk\u0131\u015fsak ka\u011f\u0131t ve m\u00fcrekkep harcamam\u0131z iki kat\u0131na \u00e7\u0131kacakt\u0131. Bu y\u00fczden internetin \u00e7evre dostlu\u011funa (ayr\u0131ca masrafs\u0131zl\u0131\u011f\u0131na ve esnekli\u011fine) s\u0131\u011f\u0131nmay\u0131 ye\u011fledik.<\/p>\r\n\r\n\r\n\r\n<p>Hen\u00fcz liste tam de\u011fil yava\u015f yava\u015f ekliyoruz. Yak\u0131nda hayli geli\u015fmi\u015f olur.<\/p>\r\n\r\n\r\n\r\n<p>\u0130smini unuttuklar\u0131m\u0131z varsa, onlar\u0131 da mutlaka hat\u0131rlar\u0131z; emin olunuz\u2026<\/p>\r\n\r\n\r\n\r\n<p><strong>Nur \u00d6zt\u00fcrk<\/strong>, \u201cb\u00f6yle sadece konu\u015fmakla anlatmakla olmaz, yazmal\u0131s\u0131n\u201d diye \u0131srar\u0131yla belki de sadece susturmak amac\u0131 g\u00fcd\u00fcyordu ama yine de faydas\u0131 b\u00fcy\u00fck oldu.<\/p>\r\n\r\n\r\n\r\n<p><strong>\u015eerif Yenen<\/strong>, \u201cher defas\u0131nda ba\u015fka \u015feyler anlat\u0131yorsun, ba\u015ftan sona hepsini alt alta yaz da kafam\u0131z kar\u0131\u015fmas\u0131n, hem Bo\u011faz\u2019da not da tutulmuyor ka\u011f\u0131tlar denize u\u00e7acak\u201d diyerek \u00f6n ayak oldu.<\/p>\r\n\r\n\r\n\r\n<p><strong>Bo\u011faz Hakk\u0131nda Her \u015eey<\/strong>\u00a0kitab\u0131yla bu g\u00fczelliklerin bilinirli\u011fine benzersiz katk\u0131da bulunan\u00a0<strong>Saffet Emre Tongu\u00e7<\/strong>\u00a0b\u00fcy\u00fck bir tevazu ve dostlukla \u201chakl\u0131lar, ne duruyorsun?\u201d diyerek cesaretimi artt\u0131rd\u0131.<\/p>\r\n\r\n\r\n\r\n<p>\u0130\u015fe koyuldu\u011fum anda itibaren kendi ya\u015fam alanlar\u0131n\u0131, koleksiyonlar\u0131n\u0131, hatta hen\u00fcz yay\u0131nlamaya f\u0131rsat bulamad\u0131klar\u0131 bilgi ve belgelerini c\u00f6mert\u00e7e ve g\u00f6n\u00fclden payla\u015fan\u00a0<strong>Erol Makzume<\/strong>\u2019ye ve Mimar Dr.\u00a0<strong>Sinan Genim<\/strong>\u2019e farkl\u0131 bir \u015f\u00fckran bor\u00e7luyum.<\/p>\r\n\r\n\r\n\r\n<p><strong>Master and Fellows of Trinity College Cambridge<\/strong>, \u00fcniversite k\u00fct\u00fcphanesinde bulunan\u00a0XVI. y\u00fczy\u0131ldan kalma g\u00f6rkemli Freshfield Alb\u00fcm\u00fc\u2019nde yer alan Rumeli Feneri g\u00f6rselini hi\u00e7bir kar\u015f\u0131l\u0131k talep etmeden kullanma f\u0131rsat\u0131 verdiler.<\/p>\r\n\r\n\r\n\r\n<p><strong>Zeynep Berkta\u015f<\/strong>\u00a0sessiz ama derinden, yorum ve ele\u015ftirileriyle, her zaman nokta at\u0131\u015flar\u0131yla, belirleyici katk\u0131larda bulundu.<\/p>\r\n\r\n\r\n\r\n<p><strong>Ravza K\u0131z\u0131ltu\u011f<\/strong>\u2019un el eme\u011fiyle, XV. y\u00fczy\u0131l\u0131n \u00f6nemli \u0130talyan Gezgini Cristoforo Buondelmonti\u2019nin \u0130stanbul haritas\u0131 kapa\u011fa \u00e7ok \u00e7ok yak\u0131\u015ft\u0131.<\/p>\r\n\r\n\r\n\r\n<p><strong>Samet Alt\u0131nta\u015f<\/strong>\u00a0e\u011fer durup dururken b\u00f6yle bir \u00f6neriyle gelmeseydi, zaten bu kitap ortada olmayacakt\u0131.\u00a0<strong>Neval Akb\u0131y\u0131k<\/strong>\u00a0bu \u00e7al\u0131\u015fmay\u0131 sahiplenmeseydi sonuna varamayacakt\u0131k.\u00a0<strong>H\u00fcseyin \u00d6zkan<\/strong>\u00a0her santimetrekaresine dokunmasayd\u0131 elimizde tutmak bu kadar keyif vermeyecekti.<\/p>\r\n\r\n\r\n\r\n<p><strong>Buse Y\u0131ld\u0131r\u0131m<\/strong>\u00a0Beykoz Kundura\u2019daki misafirperverli\u011fiyle sahay\u0131 daha iyi tan\u0131mama yard\u0131mc\u0131 oldu.\u00a0<strong>Saadet \u00d6zen<\/strong>\u00a0ise bu b\u00fcnyede yapt\u0131\u011f\u0131 etkileyici ar\u015fiv \u00e7al\u0131\u015fmalar\u0131na rahat\u00e7a eri\u015fim olana\u011f\u0131 sa\u011flad\u0131, her zaman her ara\u015ft\u0131rmamda bilgi ve belge deste\u011fi verdi.<\/p>\r\n\r\n\r\n\r\n<p>T\u00dcROB\u00a0Ba\u015fkan\u0131\u00a0<strong>Timur Bay\u0131nd\u0131r<\/strong>\u00a0ve Genel M\u00fcd\u00fcr\u00fc\u00a0<strong>\u0130smail Ta\u015fdemir<\/strong>\u00a0otel olarak kullan\u0131lan yap\u0131lara eri\u015fim gerekti\u011finde kurumlar nezdindeki \u00e7ok y\u00fcksek itibarlar\u0131 ile arac\u0131 oldular.\u00a0<strong>Cansu Bal<\/strong>, \u00c7\u0131ra\u011fan Saray\u0131 konusunda b\u00fcy\u00fck destek verdi.<\/p>\r\n\r\n\r\n\r\n<p>Her ne kadar ana u\u011fra\u015flar\u0131 sosyal medya ve pazarlama dan\u0131\u015fmanl\u0131\u011f\u0131 olsa da \u0130n\u015faat M\u00fchendisi\u00a0Kenan Saatcio\u011flu\u00a0k\u00f6pr\u00fcler ba\u015fta olmak \u00fczere her t\u00fcrl\u00fc hendese meselesini bir sanat tarih\u00e7inin anlamas\u0131n\u0131 sa\u011flayacak basitli\u011fe indirgemeyi ba\u015fard\u0131. Belki de sadece anlad\u0131\u011f\u0131m\u0131 sand\u0131m&#8230;<\/p>\r\n\r\n\r\n\r\n<p>\u0130stanbul Arkeoloji M\u00fczeleri\u00a0M\u00fcd\u00fcr\u00fc\u00a0<strong>Rahmi Asal<\/strong>\u2018\u0131n izinleriyle Arkeolog\u00a0<strong>Mehmet Ali Polat<\/strong>\u00a0m\u00fcze \u00e7al\u0131\u015fmalar\u0131yla ilgili en yeni verileri sa\u011flad\u0131.<\/p>\r\n\r\n\r\n\r\n<p>Mimar\u00a0<strong>Sedat S\u0131rr\u0131 Aklan<\/strong>\u00a0hen\u00fcz kapal\u0131 durumda bulunan Kavafyan Kona\u011f\u0131\u2019n\u0131 t\u00fcm ayr\u0131nt\u0131lar\u0131yla incelememe ve foto\u011fraflamama f\u0131rsat verdi. Ah\u015fap konutlarla ilgili bir\u00e7ok ayr\u0131nt\u0131y\u0131 Bo\u011fazi\u00e7i\u2019nde yapt\u0131\u011f\u0131 uygulamalar \u00fczerinde kavrama olana\u011f\u0131 sa\u011flad\u0131.<\/p>\r\n\r\n\r\n\r\n<p>Sanat tarih\u00e7i\u00a0<strong>Hayri Fehmi Y\u0131lmaz<\/strong>\u00a0Bo\u011fazi\u00e7i\u2019nin, genelde ihmal edilen Cumhuriyet d\u00f6nemi T\u00fcrk Mimarl\u0131\u011f\u0131 hakk\u0131nda yapt\u0131\u011f\u0131m\u0131z sohbetleri de yaz\u0131ya d\u00f6kmek konusunda etkili telkinlerde bulundu.<\/p>\r\n\r\n\r\n\r\n<p><strong>Kibele Eren<\/strong>\u00a0\u015eerifler Yal\u0131s\u0131\u2019n\u0131n gizemleri konusunda anahtar isim oldu.<\/p>\r\n\r\n\r\n\r\n<p>Mimar\u00a0<strong>Bar\u0131\u015f Han<\/strong>\u00a0ba\u015fka t\u00fcrl\u00fc eri\u015femeyece\u011fimiz bir belgeye kolayca ula\u015f\u0131p faydalanmam\u0131z\u0131 sa\u011flad\u0131.<\/p>\r\n<p><strong>Emre Arolat Mimarl\u0131k<\/strong> Resim ve Heykel M\u00fczesi projesinin g\u00f6rsellerini hen\u00fcz tasar\u0131m a\u015famas\u0131ndayken bizlere ula\u015ft\u0131rd\u0131 ve payla\u015f\u0131lmas\u0131na izin verdi.<\/p>\r\n\r\n\r\n\r\n<p>Mimar\u00a0<strong>B\u00fcke Uras<\/strong>, sadece burada de\u011fil her vesileyle belge ve \u00f6zellikle de bilgi da\u011farc\u0131\u011f\u0131yla ufkumuzun ve elimizdeki malzemenin geni\u015flemesini sa\u011flad\u0131.<\/p>\r\n\r\n\r\n\r\n<p><strong>Cahit\u00a0ve\u00a0Fulya \u0130stikbal<\/strong>\u00a0Bo\u011fazi\u00e7i\u2019nin d\u00fcnyan\u0131n en e\u015fsiz su yolu oldu\u011fu ger\u00e7e\u011fiyle ilgili bilgi ve belgelerin tahminimin ne denli \u00fczerinde oldu\u011funu fark ettirdiler.<\/p>\r\n\r\n\r\n\r\n<p><strong>Ege Mendi<\/strong>\u00a0Avusturya Devlet Ar\u015fivleri\u2019ndeki belgelere eri\u015fimde kilit rol oynad\u0131.<\/p>\r\n\r\n\r\n\r\n<p><strong>H\u00fclya Ye\u015filyaprak<\/strong>\u00a0s\u0131cak sohbetiyle Bo\u011fazi\u00e7i \u00dcniversitesi Kandilli Rasathanesi\u2019ndeki en yeni geli\u015fmeleri takip etmemize olanak tan\u0131d\u0131.<\/p>\r\n\r\n\r\n\r\n<p><strong>T.C. Cumhurba\u015fkanl\u0131\u011f\u0131 Devlet Ar\u015fivleri<\/strong>\u00a0art\u0131k ge\u00e7mi\u015fimizle ilgili arad\u0131klar\u0131m\u0131za h\u0131zl\u0131 ve verimli bi\u00e7imde ula\u015fmam\u0131z\u0131 sa\u011fl\u0131yor. Birinci elden bir\u00e7ok bilgiye eri\u015fimin yolu tabii ki oradan ge\u00e7ti.<\/p>\r\n\r\n\r\n\r\n<p>Katolik Ermeni Ba\u015fepiskoposu\u00a0<strong>Levon Zekiyan<\/strong>\u00a0Hazretleri cemaatinin kentteki dini yap\u0131lar\u0131 hususunda gerekli izinleri verdi.\u00a0Narod Minasyan\u00a0bunlar\u0131n nitelikli g\u00f6rsel malzemesine eri\u015fimi organize etti.<\/p>\r\n\r\n\r\n\r\n<p><strong>\u00d6nder Kaya<\/strong>\u00a0tarih \u00f6\u011fretmenli\u011fi yapt\u0131\u011f\u0131\u00a0Robert College\u00a0konusunda farkl\u0131 bir bak\u0131\u015f kazand\u0131rd\u0131. Okulu hakk\u0131nda yazmakta oldu\u011fu kitab\u0131 heyecanla bekliyoruz.<\/p>\r\n\r\n\r\n\r\n<p>De\u011ferli \u00f6\u011frencim, Mimar <strong>Mehmet Tuna<\/strong>, t\u00fcm \u00e7al\u0131\u015fmada, \u00f6zellikle de g\u00f6rsel malzeme konusunda b\u00fcy\u00fck destek verdi.<\/p>\r\n\r\n\r\n\r\n<p>Sadece bunun de\u011fil bir\u00e7ok di\u011fer projenin de gizli kahraman\u0131\u00a0<strong>\u0130lhan Hot<\/strong>\u00a0yine her zaman her yerdeydi.<\/p>\r\n","protected":false},"excerpt":{"rendered":"<p>Bo\u011fazi\u00e7i hakk\u0131ndaki birka\u00e7 sohbeti\u00a0bir araya getirip ka\u011f\u0131da yazmak niyeti belirdikten sonra o bas\u0131l\u0131 ka\u011f\u0131tlar ortaya \u00e7\u0131kana de\u011fin, \u201cBo\u011fazi\u00e7i\u2019nin Tarih Atlas\u0131\u201dna o kadar \u00e7ok ki\u015finin eli de\u011fmi\u015f ki hepsinin ad\u0131n\u0131 kitab\u0131n i\u00e7inde anmaya kalk\u0131\u015fsak ka\u011f\u0131t ve m\u00fcrekkep harcamam\u0131z iki kat\u0131na \u00e7\u0131kacakt\u0131. Bu y\u00fczden internetin \u00e7evre dostlu\u011funa (ayr\u0131ca masrafs\u0131zl\u0131\u011f\u0131na ve esnekli\u011fine) s\u0131\u011f\u0131nmay\u0131 ye\u011fledik. Hen\u00fcz liste tam de\u011fil [&hellip;]<\/p>\n","protected":false},"author":1,"featured_media":0,"parent":0,"menu_order":0,"comment_status":"closed","ping_status":"closed","template":"","meta":{"_themeisle_gutenberg_block_has_review":false,"footnotes":""},"class_list":["post-303","page","type-page","status-publish","hentry"],"jetpack_sharing_enabled":true,"_links":{"self":[{"href":"https:\/\/bogazi.ci\/index.php\/wp-json\/wp\/v2\/pages\/303","targetHints":{"allow":["GET"]}}],"collection":[{"href":"https:\/\/bogazi.ci\/index.php\/wp-json\/wp\/v2\/pages"}],"about":[{"href":"https:\/\/bogazi.ci\/index.php\/wp-json\/wp\/v2\/types\/page"}],"author":[{"embeddable":true,"href":"https:\/\/bogazi.ci\/index.php\/wp-json\/wp\/v2\/users\/1"}],"replies":[{"embeddable":true,"href":"https:\/\/bogazi.ci\/index.php\/wp-json\/wp\/v2\/comments?post=303"}],"version-history":[{"count":7,"href":"https:\/\/bogazi.ci\/index.php\/wp-json\/wp\/v2\/pages\/303\/revisions"}],"predecessor-version":[{"id":24973,"href":"https:\/\/bogazi.ci\/index.php\/wp-json\/wp\/v2\/pages\/303\/revisions\/24973"}],"wp:attachment":[{"href":"https:\/\/bogazi.ci\/index.php\/wp-json\/wp\/v2\/media?parent=303"}],"curies":[{"name":"wp","href":"https:\/\/api.w.org\/{rel}","templated":true}]}}